{"id":90,"date":"2021-05-20T15:56:01","date_gmt":"2021-05-20T13:56:01","guid":{"rendered":"http:\/\/auvieuxgassin.com\/?page_id=90"},"modified":"2021-05-31T11:30:28","modified_gmt":"2021-05-31T09:30:28","slug":"la-terrasse-vue-mer","status":"publish","type":"page","link":"https:\/\/auvieuxgassin.com\/index.php\/la-terrasse-vue-mer\/","title":{"rendered":"LA TERRASSE VUE MER"},"content":{"rendered":"\n<p class=\"has-text-align-center has-medium-font-size\"><strong>Terrasse du restaurant \u00e0 Gassin 83580<\/strong><\/p>\n\n\n\n<p><strong>D\u00e8s l\u2019arriv\u00e9e des beaux jours, les repas du restaurant le Vieux Gassin dans le Var (83) sont servis sur la terrasse (110 couverts) b\u00e9n\u00e9ficiant d\u2019une vue panoramique sur tout le\u00a0Golfe de Saint-Tropez.<\/strong><\/p>\n\n\n\n<p><strong>Depuis notre terrasse,\u00a0les tables\u00a0sont baign\u00e9es par le soleil pour vous r\u00e9chauffer l\u2019automne et sont ombrag\u00e9e l\u2019\u00e9t\u00e9 pour votre plus grand confort.<\/strong><\/p>\n\n\n\n<p><em><strong>\u00ab Couverte ou ensoleill\u00e9e, elle offre vue imprenable sur la vall\u00e9e \u00bb\u00a0<\/strong><\/em><\/p>\n\n\n\n<p><strong>Depuis notre terrasse, entre amis, en couple ou entre coll\u00e8gues,\u00a0vous savourerez nos sp\u00e9cialit\u00e9s proven\u00e7ales\u00a0\u00a0subtilement accompagn\u00e9s de vins locaux.\u00a0<\/strong><\/p>\n\n\n\n<p><strong>N\u2019attendez plus et profitez de la terrasse de notre restaurant autour d\u2019un succulent repas ! Et pour toute question, n\u2019h\u00e9sitez pas \u00e0 nous contacter au\u00a0<br>04 94 56 14 26.\u00a0<\/strong><\/p>\n\n\n\n<figure class=\"wp-block-gallery alignwide columns-2 is-cropped wp-block-gallery-1 is-layout-flex wp-block-gallery-is-layout-flex\"><ul class=\"blocks-gallery-grid\"><li class=\"blocks-gallery-item\"><figure><img loading=\"lazy\" decoding=\"async\" width=\"700\" height=\"467\" src=\"http:\/\/auvieuxgassin.com\/wp-content\/uploads\/2021\/05\/evenement2-1.jpg\" alt=\"\" data-id=\"174\" data-full-url=\"http:\/\/auvieuxgassin.com\/wp-content\/uploads\/2021\/05\/evenement2-1.jpg\" data-link=\"http:\/\/auvieuxgassin.com\/index.php\/la-terrasse-vue-mer\/evenement2-1\/\" class=\"wp-image-174\" srcset=\"https:\/\/auvieuxgassin.com\/wp-content\/uploads\/2021\/05\/evenement2-1.jpg 700w, https:\/\/auvieuxgassin.com\/wp-content\/uploads\/2021\/05\/evenement2-1-300x200.jpg 300w, https:\/\/auvieuxgassin.com\/wp-content\/uploads\/2021\/05\/evenement2-1-174x116.jpg 174w\" sizes=\"auto, (max-width: 700px) 100vw, 700px\" \/><\/figure><\/li><li class=\"blocks-gallery-item\"><figure><img loading=\"lazy\" decoding=\"async\" width=\"700\" height=\"467\" src=\"http:\/\/auvieuxgassin.com\/wp-content\/uploads\/2021\/05\/resto5.jpg\" alt=\"\" data-id=\"140\" data-full-url=\"http:\/\/auvieuxgassin.com\/wp-content\/uploads\/2021\/05\/resto5.jpg\" data-link=\"http:\/\/auvieuxgassin.com\/index.php\/histoire\/resto5\/\" class=\"wp-image-140\" srcset=\"https:\/\/auvieuxgassin.com\/wp-content\/uploads\/2021\/05\/resto5.jpg 700w, https:\/\/auvieuxgassin.com\/wp-content\/uploads\/2021\/05\/resto5-300x200.jpg 300w, https:\/\/auvieuxgassin.com\/wp-content\/uploads\/2021\/05\/resto5-174x116.jpg 174w\" sizes=\"auto, (max-width: 700px) 100vw, 700px\" \/><\/figure><\/li><\/ul><\/figure>\n\n\n\n<figure class=\"wp-block-gallery alignwide columns-2 is-cropped wp-block-gallery-2 is-layout-flex wp-block-gallery-is-layout-flex\"><ul class=\"blocks-gallery-grid\"><li class=\"blocks-gallery-item\"><figure><img loading=\"lazy\" decoding=\"async\" width=\"700\" height=\"467\" src=\"http:\/\/auvieuxgassin.com\/wp-content\/uploads\/2021\/05\/resto8-1.jpg\" alt=\"\" data-id=\"141\" data-full-url=\"http:\/\/auvieuxgassin.com\/wp-content\/uploads\/2021\/05\/resto8-1.jpg\" data-link=\"http:\/\/auvieuxgassin.com\/index.php\/histoire\/resto8-2\/\" class=\"wp-image-141\" srcset=\"https:\/\/auvieuxgassin.com\/wp-content\/uploads\/2021\/05\/resto8-1.jpg 700w, https:\/\/auvieuxgassin.com\/wp-content\/uploads\/2021\/05\/resto8-1-300x200.jpg 300w, https:\/\/auvieuxgassin.com\/wp-content\/uploads\/2021\/05\/resto8-1-174x116.jpg 174w\" sizes=\"auto, (max-width: 700px) 100vw, 700px\" \/><\/figure><\/li><li class=\"blocks-gallery-item\"><figure><img loading=\"lazy\" decoding=\"async\" width=\"700\" height=\"467\" src=\"http:\/\/auvieuxgassin.com\/wp-content\/uploads\/2021\/05\/terrasse4.jpg\" alt=\"\" data-id=\"144\" data-full-url=\"http:\/\/auvieuxgassin.com\/wp-content\/uploads\/2021\/05\/terrasse4.jpg\" data-link=\"http:\/\/auvieuxgassin.com\/index.php\/histoire\/terrasse4\/\" class=\"wp-image-144\" srcset=\"https:\/\/auvieuxgassin.com\/wp-content\/uploads\/2021\/05\/terrasse4.jpg 700w, https:\/\/auvieuxgassin.com\/wp-content\/uploads\/2021\/05\/terrasse4-300x200.jpg 300w, https:\/\/auvieuxgassin.com\/wp-content\/uploads\/2021\/05\/terrasse4-174x116.jpg 174w\" sizes=\"auto, (max-width: 700px) 100vw, 700px\" \/><\/figure><\/li><\/ul><\/figure>\n\n\n\n<figure class=\"wp-block-gallery alignwide columns-2 is-cropped wp-block-gallery-3 is-layout-flex wp-block-gallery-is-layout-flex\"><ul class=\"blocks-gallery-grid\"><li class=\"blocks-gallery-item\"><figure><img loading=\"lazy\" decoding=\"async\" width=\"700\" height=\"467\" src=\"http:\/\/auvieuxgassin.com\/wp-content\/uploads\/2021\/05\/terrasse6-1.jpg\" alt=\"\" data-id=\"146\" data-full-url=\"http:\/\/auvieuxgassin.com\/wp-content\/uploads\/2021\/05\/terrasse6-1.jpg\" data-link=\"http:\/\/auvieuxgassin.com\/index.php\/histoire\/terrasse6-2\/\" class=\"wp-image-146\" srcset=\"https:\/\/auvieuxgassin.com\/wp-content\/uploads\/2021\/05\/terrasse6-1.jpg 700w, https:\/\/auvieuxgassin.com\/wp-content\/uploads\/2021\/05\/terrasse6-1-300x200.jpg 300w, https:\/\/auvieuxgassin.com\/wp-content\/uploads\/2021\/05\/terrasse6-1-174x116.jpg 174w\" sizes=\"auto, (max-width: 700px) 100vw, 700px\" \/><\/figure><\/li><li class=\"blocks-gallery-item\"><figure><img loading=\"lazy\" decoding=\"async\" width=\"700\" height=\"467\" src=\"http:\/\/auvieuxgassin.com\/wp-content\/uploads\/2021\/05\/gassin9-1.jpg\" alt=\"\" data-id=\"132\" data-full-url=\"http:\/\/auvieuxgassin.com\/wp-content\/uploads\/2021\/05\/gassin9-1.jpg\" data-link=\"http:\/\/auvieuxgassin.com\/index.php\/histoire\/gassin9-2\/\" class=\"wp-image-132\" srcset=\"https:\/\/auvieuxgassin.com\/wp-content\/uploads\/2021\/05\/gassin9-1.jpg 700w, https:\/\/auvieuxgassin.com\/wp-content\/uploads\/2021\/05\/gassin9-1-300x200.jpg 300w, https:\/\/auvieuxgassin.com\/wp-content\/uploads\/2021\/05\/gassin9-1-174x116.jpg 174w\" sizes=\"auto, (max-width: 700px) 100vw, 700px\" \/><\/figure><\/li><\/ul><\/figure>\n","protected":false},"excerpt":{"rendered":"<p>Terrasse du restaurant \u00e0 Gassin 83580 D\u00e8s l\u2019arriv\u00e9e des beaux jours, les repas du restaurant le Vieux Gassin dans le &hellip; <a href=\"https:\/\/auvieuxgassin.com\/index.php\/la-terrasse-vue-mer\/\" class=\"more-link\">Continue reading <span class=\"screen-reader-text\">LA TERRASSE VUE MER<\/span><\/a><\/p>\n","protected":false},"author":1,"featured_media":0,"parent":0,"menu_order":0,"comment_status":"closed","ping_status":"closed","template":"","meta":{"footnotes":""},"class_list":["post-90","page","type-page","status-publish","hentry"],"_links":{"self":[{"href":"https:\/\/auvieuxgassin.com\/index.php\/wp-json\/wp\/v2\/pages\/90","targetHints":{"allow":["GET"]}}],"collection":[{"href":"https:\/\/auvieuxgassin.com\/index.php\/wp-json\/wp\/v2\/pages"}],"about":[{"href":"https:\/\/auvieuxgassin.com\/index.php\/wp-json\/wp\/v2\/types\/page"}],"author":[{"embeddable":true,"href":"https:\/\/auvieuxgassin.com\/index.php\/wp-json\/wp\/v2\/users\/1"}],"replies":[{"embeddable":true,"href":"https:\/\/auvieuxgassin.com\/index.php\/wp-json\/wp\/v2\/comments?post=90"}],"version-history":[{"count":4,"href":"https:\/\/auvieuxgassin.com\/index.php\/wp-json\/wp\/v2\/pages\/90\/revisions"}],"predecessor-version":[{"id":175,"href":"https:\/\/auvieuxgassin.com\/index.php\/wp-json\/wp\/v2\/pages\/90\/revisions\/175"}],"wp:attachment":[{"href":"https:\/\/auvieuxgassin.com\/index.php\/wp-json\/wp\/v2\/media?parent=90"}],"curies":[{"name":"wp","href":"https:\/\/api.w.org\/{rel}","templated":true}]}}