{"id":76,"date":"2021-05-20T15:54:44","date_gmt":"2021-05-20T13:54:44","guid":{"rendered":"http:\/\/auvieuxgassin.com\/?page_id=76"},"modified":"2025-05-23T15:55:02","modified_gmt":"2025-05-23T13:55:02","slug":"histoire","status":"publish","type":"page","link":"https:\/\/auvieuxgassin.com\/index.php\/histoire\/","title":{"rendered":"NOTRE HISTOIRE"},"content":{"rendered":"\n<div class=\"wp-block-image\"><figure class=\"aligncenter size-large\"><img loading=\"lazy\" decoding=\"async\" width=\"1024\" height=\"239\" src=\"http:\/\/auvieuxgassin.com\/wp-content\/uploads\/2021\/05\/1-1024x239.jpg\" alt=\"\" class=\"wp-image-123\" srcset=\"https:\/\/auvieuxgassin.com\/wp-content\/uploads\/2021\/05\/1-1024x239.jpg 1024w, https:\/\/auvieuxgassin.com\/wp-content\/uploads\/2021\/05\/1-300x70.jpg 300w, https:\/\/auvieuxgassin.com\/wp-content\/uploads\/2021\/05\/1-768x179.jpg 768w, https:\/\/auvieuxgassin.com\/wp-content\/uploads\/2021\/05\/1-1536x358.jpg 1536w, https:\/\/auvieuxgassin.com\/wp-content\/uploads\/2021\/05\/1-228x53.jpg 228w, https:\/\/auvieuxgassin.com\/wp-content\/uploads\/2021\/05\/1.jpg 1800w\" sizes=\"auto, (max-width: 1024px) 100vw, 1024px\" \/><\/figure><\/div>\n\n\n\n<h2 class=\"has-text-align-center has-normal-font-size wp-block-heading\">Histoire du restaurant le Vieux Gassin, pr\u00e8s de Saint-Tropez<\/h2>\n\n\n\n<p class=\"has-text-align-center has-medium-font-size\"><strong>Bonjour, et Bienvenue au \u00ab Vieux Gassin \u00bb.<br>Restaurant aux sp\u00e9cialit\u00e9s proven\u00e7ales, faites maison.<\/strong><\/p>\n\n\n\n<p class=\"has-text-align-left has-black-color has-text-color\">Ce lieu est perch\u00e9 \u00e0 200 m\u00e8tres d\u2019altitude sur un rocher. C\u2019est apr\u00e8s avoir grimp\u00e9 les ruelles fleuries aux murs couleurs pastels, que vous pourrez profiter du panorama exceptionnel sur le Golfe de Saint-Tropez et le massif des Maures qu\u2019offre la place De\u00ef Barri, loin de l\u2019agitation, offrez-vous une escale apaisante, et profitez de notre terrasse.<br>Gassin se r\u00e9v\u00e8le dans un savant m\u00e9lange de patrimoine m\u00e9di\u00e9val et d\u2019architecture proven\u00e7ale. Ses origines remontraient aux 12\u00e8me et 13\u00e8me si\u00e8cles. Aujourd\u2019hui, le village est un site class\u00e9 parmi les plus beaux villages de France, pittoresque, touristique et reconnu.<\/p>\n\n\n\n<div class=\"wp-block-image\"><figure class=\"aligncenter size-large\"><img loading=\"lazy\" decoding=\"async\" width=\"700\" height=\"467\" src=\"http:\/\/auvieuxgassin.com\/wp-content\/uploads\/2021\/05\/resto3.jpg\" alt=\"restaurant-gassin-excellent-bio-produits-frais\" class=\"wp-image-45\" srcset=\"https:\/\/auvieuxgassin.com\/wp-content\/uploads\/2021\/05\/resto3.jpg 700w, https:\/\/auvieuxgassin.com\/wp-content\/uploads\/2021\/05\/resto3-300x200.jpg 300w, https:\/\/auvieuxgassin.com\/wp-content\/uploads\/2021\/05\/resto3-174x116.jpg 174w\" sizes=\"auto, (max-width: 700px) 100vw, 700px\" \/><figcaption>restaurant-gassin-excellent-bio-produits-frais<\/figcaption><\/figure><\/div>\n\n\n\n<p class=\"has-text-align-left has-black-color has-text-color\">Depuis plus de 21 ans, le Vieux Gassin met tout en \u0153uvre pour vous accueillir. Vous retrouverez chaque ann\u00e9e vos bons petits plats proven\u00e7aux faits maison. La carte est vari\u00e9e avec des suggestions suppl\u00e9mentaires pour vous s\u00e9duire,<br>et nous mettons tout en \u0153uvre afin que vous puissiez vous d\u00e9tendre et profiter d\u2019un bon moment en famille et entre amis.<\/p>\n\n\n\n<figure class=\"wp-block-image size-large\"><img loading=\"lazy\" decoding=\"async\" width=\"1024\" height=\"239\" src=\"http:\/\/auvieuxgassin.com\/wp-content\/uploads\/2021\/05\/4-1024x239.jpg\" alt=\"\" class=\"wp-image-126\" srcset=\"https:\/\/auvieuxgassin.com\/wp-content\/uploads\/2021\/05\/4-1024x239.jpg 1024w, https:\/\/auvieuxgassin.com\/wp-content\/uploads\/2021\/05\/4-300x70.jpg 300w, https:\/\/auvieuxgassin.com\/wp-content\/uploads\/2021\/05\/4-768x179.jpg 768w, https:\/\/auvieuxgassin.com\/wp-content\/uploads\/2021\/05\/4-1536x358.jpg 1536w, https:\/\/auvieuxgassin.com\/wp-content\/uploads\/2021\/05\/4-228x53.jpg 228w, https:\/\/auvieuxgassin.com\/wp-content\/uploads\/2021\/05\/4.jpg 1800w\" sizes=\"auto, (max-width: 1024px) 100vw, 1024px\" \/><\/figure>\n\n\n\n<p class=\"has-text-align-left has-black-color has-text-color\">Notre fa\u00e7on de travailler est simple et nous assurons la transparence totale sur nos produits. Nos produits frais nous parviennent chaque jours et sont scrupuleusement s\u00e9lectionn\u00e9s aupr\u00e8s de producteurs locaux, et l\u2019origine y est affich\u00e9e.<\/p>\n\n\n\n<p class=\"has-text-align-center has-black-color has-text-color\"><em>Laurent Primeur (Ramatuelle), Lerda (Muy), La Poissonerie (Puget-sur-Argent),<br>Maison des Confitures (Gassin), \u0152ufs plein air de Trets, Les ch\u00e8vres frais de Barjols, etc\u2026<\/em><\/p>\n\n\n\n<p class=\"has-text-align-left has-black-color has-text-color\">Notre eau plate ou p\u00e9tillante \u00ab NORDAQ FRESH \u00bb est un proc\u00e9d\u00e9 de micro-filtration brevet\u00e9 n\u2019ayant aucun incidence sur l\u2019environnement et au go\u00fbt parfaitement neutre. Cette eau d\u2019une qualit\u00e9 exceptionnelle et son absence de go\u00fbt s\u2019approprie parfaitement \u00e0 la d\u00e9gustation de vins et pr\u00e9serve la saveur des plats.<br>Nous mettons \u00e0 la disposition de notre client\u00e8le un tableau sp\u00e9cifique avec la pr\u00e9sence d\u2019allerg\u00e8nes.<\/p>\n\n\n\n<div class=\"wp-block-image\"><figure class=\"aligncenter size-large is-resized\"><img loading=\"lazy\" decoding=\"async\" src=\"http:\/\/auvieuxgassin.com\/wp-content\/uploads\/2021\/05\/Capture-decran-2021-05-31-a-11.01.37.jpg\" alt=\"\" class=\"wp-image-156\" width=\"350\" height=\"108\" srcset=\"https:\/\/auvieuxgassin.com\/wp-content\/uploads\/2021\/05\/Capture-decran-2021-05-31-a-11.01.37.jpg 700w, https:\/\/auvieuxgassin.com\/wp-content\/uploads\/2021\/05\/Capture-decran-2021-05-31-a-11.01.37-300x93.jpg 300w, https:\/\/auvieuxgassin.com\/wp-content\/uploads\/2021\/05\/Capture-decran-2021-05-31-a-11.01.37-228x70.jpg 228w\" sizes=\"auto, (max-width: 350px) 100vw, 350px\" \/><\/figure><\/div>\n\n\n\n<p class=\"has-text-align-left has-black-color has-text-color\">Notre s\u00e9rieux, nous a permis d\u2019obtenir le Titre de MA\u00ceTRE RESTAURATEUR et figurons dans de nombreux guides touristiques, notamment \u00ab le guide du Routard \u00bb et avons obtenu le macaron d\u2019excellence de TRIPADVISOR.<br>Notre \u00e9quipe de fid\u00e8les serviteurs et moi-m\u00eame ferons tout pour vous satisfaire.<br>Nous vous souhaitons un tr\u00e8s bon app\u00e9tit et de passer un agr\u00e9able moment en notre compagnie.<\/p>\n\n\n\n<p class=\"has-text-align-center\"><br><strong>La Direction<\/strong><\/p>\n","protected":false},"excerpt":{"rendered":"<p>Histoire du restaurant le Vieux Gassin, pr\u00e8s de Saint-Tropez Bonjour, et Bienvenue au \u00ab Vieux Gassin \u00bb.Restaurant aux sp\u00e9cialit\u00e9s proven\u00e7ales, &hellip; <a href=\"https:\/\/auvieuxgassin.com\/index.php\/histoire\/\" class=\"more-link\">Continue reading <span class=\"screen-reader-text\">NOTRE HISTOIRE<\/span><\/a><\/p>\n","protected":false},"author":1,"featured_media":0,"parent":0,"menu_order":0,"comment_status":"closed","ping_status":"closed","template":"","meta":{"footnotes":""},"class_list":["post-76","page","type-page","status-publish","hentry"],"_links":{"self":[{"href":"https:\/\/auvieuxgassin.com\/index.php\/wp-json\/wp\/v2\/pages\/76","targetHints":{"allow":["GET"]}}],"collection":[{"href":"https:\/\/auvieuxgassin.com\/index.php\/wp-json\/wp\/v2\/pages"}],"about":[{"href":"https:\/\/auvieuxgassin.com\/index.php\/wp-json\/wp\/v2\/types\/page"}],"author":[{"embeddable":true,"href":"https:\/\/auvieuxgassin.com\/index.php\/wp-json\/wp\/v2\/users\/1"}],"replies":[{"embeddable":true,"href":"https:\/\/auvieuxgassin.com\/index.php\/wp-json\/wp\/v2\/comments?post=76"}],"version-history":[{"count":19,"href":"https:\/\/auvieuxgassin.com\/index.php\/wp-json\/wp\/v2\/pages\/76\/revisions"}],"predecessor-version":[{"id":288,"href":"https:\/\/auvieuxgassin.com\/index.php\/wp-json\/wp\/v2\/pages\/76\/revisions\/288"}],"wp:attachment":[{"href":"https:\/\/auvieuxgassin.com\/index.php\/wp-json\/wp\/v2\/media?parent=76"}],"curies":[{"name":"wp","href":"https:\/\/api.w.org\/{rel}","templated":true}]}}