{"id":185,"date":"2021-05-31T11:58:13","date_gmt":"2021-05-31T09:58:13","guid":{"rendered":"http:\/\/auvieuxgassin.com\/?page_id=185"},"modified":"2021-05-31T11:58:13","modified_gmt":"2021-05-31T09:58:13","slug":"infos-legales","status":"publish","type":"page","link":"https:\/\/auvieuxgassin.com\/index.php\/infos-legales\/","title":{"rendered":"Infos l\u00e9gales"},"content":{"rendered":"\n<h2 class=\"wp-block-heading\">Coordonn\u00e9es du client<\/h2>\n\n\n\n<p><strong>SARL MARITOM<\/strong><br>Place Dei Barry<br>83580 GASSIN<br>Directrice de la publication : KEPA VALERIE<br>T\u00e9l : +33.494561426<br>Siren : 451046908<\/p>\n\n\n\n<h2 class=\"wp-block-heading\">H\u00e9bergeur<\/h2>\n\n\n\n<p><strong>OVH<\/strong>\u00a0<br>SAS au capital de 10 069 020 \u20ac<br>RCS Lille M\u00e9tropole 424 761 419 00045<br>Code APE 2620Z<br>N\u00b0 TVA : FR 22 424 761 419<br>Si\u00e8ge social : 2 rue Kellermann &#8211; 59100 Roubaix &#8211; FranceDirecteur de la publication : Octave KLABAPr\u00e9sident : Henryk KLABADirecteur g\u00e9n\u00e9ral : Miroslaw KLABADirecteur g\u00e9n\u00e9ral d\u00e9l\u00e9gu\u00e9 : Octave KLABADirecteur g\u00e9n\u00e9ral d\u00e9l\u00e9gu\u00e9 : Halina KLABA<\/p>\n\n\n\n<p>OVH SAS est une filiale de la soci\u00e9t\u00e9 OVH Groupe SAS, soci\u00e9t\u00e9 immatricul\u00e9e au RCS de Lille sous le num\u00e9ro 537 407 926 sise 2, rue Kellermann, 59100 Roubaix.<\/p>\n\n\n\n<h2 class=\"wp-block-heading\">Concepteur<\/h2>\n\n\n\n<p>VANTAGE &#8211; Gabrielle PROMPT<br>3727 route du Plan de la Tour &#8211; 83310 &#8211; Grimaud<br>Tel: 06 03 87 25 93<\/p>\n\n\n\n<p>direction@vantage-graphisme.com<\/p>\n\n\n\n<p>Vous \u00eates inform\u00e9 de la collecte de donn\u00e9es \u00e0 caract\u00e8re personnel par auvieuxgassin.com.<\/p>\n\n\n\n<p>La finalit\u00e9 de ces traitements est la communication et l&#8217;information externe de auvieuxgassin.com.<\/p>\n\n\n\n<p>Ces donn\u00e9es sont fond\u00e9es sur l&#8217;int\u00e9r\u00eat l\u00e9gitime du responsable de traitement, conform\u00e9ment \u00e0 l&#8217;article 6-1-f du r\u00e8glement europ\u00e9en du 26 Avril 2016.<\/p>\n\n\n\n<p>Des cookies sont susceptibles d&#8217;\u00eatre implant\u00e9s sur votre poste client, ayant pour finalit\u00e9s de faciliter la connexion au site internet, la mesure d&#8217;audience, et des cookies de r\u00e9seaux sociaux (tel que facebook) sans recoupement avec d&#8217;autres traitements tels que le fichier client. La dur\u00e9e de conservation de ces donn\u00e9es est au maximum de 13 mois.<\/p>\n\n\n\n<p>Vous b\u00e9n\u00e9ficiez d&#8217;un droit d&#8217;acc\u00e8s, de rectification ou d&#8217;effacement ou d&#8217;opposition que vous pouvez exercer aupr\u00e8s de auvieuxgassin-restaurant.com aux coordonn\u00e9es ci-avant indiqu\u00e9es ou par mail \u00e0 contact@auvieuxgassin.com, outre un droit de r\u00e9clamation aupr\u00e8s de la CNIL situ\u00e9e Place de Fontenoy &#8211; TSA &#8211; 75334 PARIS CEDEX 07.<\/p>\n","protected":false},"excerpt":{"rendered":"<p>Coordonn\u00e9es du client SARL MARITOMPlace Dei Barry83580 GASSINDirectrice de la publication : KEPA VALERIET\u00e9l : +33.494561426Siren : 451046908 H\u00e9bergeur OVH\u00a0SAS &hellip; <a href=\"https:\/\/auvieuxgassin.com\/index.php\/infos-legales\/\" class=\"more-link\">Continue reading <span class=\"screen-reader-text\">Infos l\u00e9gales<\/span><\/a><\/p>\n","protected":false},"author":1,"featured_media":0,"parent":0,"menu_order":0,"comment_status":"closed","ping_status":"closed","template":"","meta":{"footnotes":""},"class_list":["post-185","page","type-page","status-publish","hentry"],"_links":{"self":[{"href":"https:\/\/auvieuxgassin.com\/index.php\/wp-json\/wp\/v2\/pages\/185","targetHints":{"allow":["GET"]}}],"collection":[{"href":"https:\/\/auvieuxgassin.com\/index.php\/wp-json\/wp\/v2\/pages"}],"about":[{"href":"https:\/\/auvieuxgassin.com\/index.php\/wp-json\/wp\/v2\/types\/page"}],"author":[{"embeddable":true,"href":"https:\/\/auvieuxgassin.com\/index.php\/wp-json\/wp\/v2\/users\/1"}],"replies":[{"embeddable":true,"href":"https:\/\/auvieuxgassin.com\/index.php\/wp-json\/wp\/v2\/comments?post=185"}],"version-history":[{"count":2,"href":"https:\/\/auvieuxgassin.com\/index.php\/wp-json\/wp\/v2\/pages\/185\/revisions"}],"predecessor-version":[{"id":189,"href":"https:\/\/auvieuxgassin.com\/index.php\/wp-json\/wp\/v2\/pages\/185\/revisions\/189"}],"wp:attachment":[{"href":"https:\/\/auvieuxgassin.com\/index.php\/wp-json\/wp\/v2\/media?parent=185"}],"curies":[{"name":"wp","href":"https:\/\/api.w.org\/{rel}","templated":true}]}}